{"id":978,"date":"2022-01-18T16:28:16","date_gmt":"2022-01-18T15:28:16","guid":{"rendered":"https:\/\/miningtext.at\/?page_id=978"},"modified":"2022-01-26T09:18:57","modified_gmt":"2022-01-26T08:18:57","slug":"montanarchaeologische-prospektion","status":"publish","type":"page","link":"https:\/\/miningtext.at\/en\/montanarchaeologische-prospektion","title":{"rendered":"Archaeological Prospection"},"content":{"rendered":"<div data-colibri-id=\"978-c1\" class=\"style-1087 style-local-978-c1 position-relative\">\n  <!---->\n  <div data-colibri-component=\"section\" data-colibri-id=\"978-c2\" id=\"custom\" class=\"h-section h-section-global-spacing d-flex align-items-lg-center align-items-md-center align-items-center style-1088 style-local-978-c2 position-relative\">\n    <!---->\n    <!---->\n    <div class=\"h-section-grid-container h-section-boxed-container\">\n      <!---->\n      <div data-colibri-id=\"978-c3\" class=\"h-row-container gutters-row-lg-2 gutters-row-md-2 gutters-row-0 gutters-row-v-lg-2 gutters-row-v-md-2 gutters-row-v-2 style-1089 style-local-978-c3 position-relative\">\n        <!---->\n        <div class=\"h-row justify-content-lg-center justify-content-md-center justify-content-center align-items-lg-stretch align-items-md-stretch align-items-stretch gutters-col-lg-2 gutters-col-md-2 gutters-col-0 gutters-col-v-lg-2 gutters-col-v-md-2 gutters-col-v-2\">\n          <!---->\n          <div class=\"h-column h-column-container d-flex h-col-lg-auto h-col-md-auto h-col-auto style-1090-outer style-local-978-c4-outer\">\n            <div data-colibri-id=\"978-c4\" class=\"d-flex h-flex-basis h-column__inner h-px-lg-2 h-px-md-2 h-px-2 v-inner-lg-2 v-inner-md-2 v-inner-2 style-1090 style-local-978-c4 position-relative\">\n              <!---->\n              <!---->\n              <div class=\"w-100 h-y-container h-column__content h-column__v-align flex-basis-100 align-self-lg-start align-self-md-start align-self-start\">\n                <!---->\n                <div data-colibri-id=\"978-c5\" class=\"h-global-transition-all h-heading style-1091 style-local-978-c5 position-relative h-element\">\n                  <!---->\n                  <div class=\"h-heading__outer style-1091 style-local-978-c5\">\n                    <!---->\n                    <!---->\n                    <h3 class=\"\">Archaeological prospections in the area of Silberberg (KG Reith im Alpbachtal), Holzalm-Gra\u00dfberg (KG Thierbach) and Kundler Berg (KG Kundl)<\/h3>\n                  <\/div>\n                <\/div>\n              <\/div>\n            <\/div>\n          <\/div>\n        <\/div>\n      <\/div>\n      <div data-colibri-id=\"978-c6\" class=\"h-row-container gutters-row-lg-2 gutters-row-md-2 gutters-row-0 gutters-row-v-lg-2 gutters-row-v-md-2 gutters-row-v-2 style-1102 style-local-978-c6 position-relative\">\n        <!---->\n        <div class=\"h-row justify-content-lg-center justify-content-md-center justify-content-center align-items-lg-stretch align-items-md-stretch align-items-stretch gutters-col-lg-2 gutters-col-md-2 gutters-col-0 gutters-col-v-lg-2 gutters-col-v-md-2 gutters-col-v-2\">\n          <!---->\n          <div class=\"h-column h-column-container d-flex h-col-lg-auto h-col-md-auto h-col-auto style-1103-outer style-local-978-c7-outer\">\n            <div data-colibri-id=\"978-c7\" class=\"d-flex h-flex-basis h-column__inner h-px-lg-2 h-px-md-2 h-px-2 v-inner-lg-2 v-inner-md-2 v-inner-2 style-1103 style-local-978-c7 position-relative\">\n              <!---->\n              <!---->\n              <div class=\"w-100 h-y-container h-column__content h-column__v-align flex-basis-100 align-self-lg-start align-self-md-start align-self-start\">\n                <!---->\n                <div data-colibri-id=\"978-c8\" class=\"h-text h-text-component style-1095 style-local-978-c8 position-relative h-element\">\n                  <!---->\n                  <!---->\n                  <div class=\"\">\n                    <p>The aim of the archaeological inspections was to examine the localities known from the \"Verleihbuch der Rattenberger Bergrichter\"  from 1460-1463 for preserved mining traces. For this purpose, the former mining area\n                      \"Silberberg\" in the municipality of Reith im Alpbachtal or Brixlegg (KG Zimmermoos), Kundler Berg (Gem. Kundl) and Holzalm\/Gra\u00dfberg in Thierbach (Gem. Wildsch\u00f6nau) were chosen. The content of the grants was categorised and important\n                      features that could lead to identification in the field. Essentially, these are descriptions of the surroundings and the place. During the inspections, an attempt was made to find these markers in the landscape, to document any\n                      mining activity and then to draw conclusions from the award to the existing archaeological traces. Through this method, several previously unknown mining sites were discovered.<\/p>\n                    <p>The area surrounding the Holzalm (1,450 m above sea level) in the village of Zimmermoos was probably known as a mining area from prehistoric times until the Middle Ages, although there is no archaeological evidence from this area. In fact, the Holzalpe area on the slopes of the Gratlspitz (Alpbach) was mined for pale ores with cobalt and nickel ores as well as baryte and silver between 1480 and 1735 (cf. Gruber 2016: 220; Srbik 1929: 182; Exel 1982: 150; Mutschlechner 1984: 48).\u00a0Due to several grants in Hs. 37, which indicate mining on the Gra\u00dfberg (\"to gr\u00e1sperg\"), it was decided to undertake inspections of the western slope in this archaeological desideratum.<\/p>\n                    <p>In the course of the inspections, 20 new discovery points, involving 11 pits and seven blocked mine entries and two partially accessible galleries, were discovered. It has to be outlined that the information within the historical sources contributed significantly to the discovery of this hitherto completely unknown mining area.<\/p>\n                  <\/div>\n                <\/div>\n              <\/div>\n            <\/div>\n          <\/div>\n        <\/div>\n      <\/div>\n    <\/div>\n  <\/div>\n  <div data-colibri-component=\"section\" data-colibri-id=\"978-c9\" id=\"custom-3\" class=\"h-section h-section-global-spacing d-flex align-items-lg-center align-items-md-center align-items-center style-1096 style-local-978-c9 position-relative\">\n    <!---->\n    <!---->\n    <div class=\"h-section-grid-container h-section-boxed-container\">\n      <!---->\n      <div data-colibri-id=\"978-c10\" class=\"h-row-container gutters-row-lg-2 gutters-row-md-2 gutters-row-0 gutters-row-v-lg-2 gutters-row-v-md-2 gutters-row-v-2 style-1097 style-local-978-c10 position-relative\">\n        <!---->\n        <div class=\"h-row justify-content-lg-center justify-content-md-center justify-content-center align-items-lg-stretch align-items-md-stretch align-items-stretch gutters-col-lg-2 gutters-col-md-2 gutters-col-0 gutters-col-v-lg-2 gutters-col-v-md-2 gutters-col-v-2\">\n          <!---->\n          <div class=\"h-column h-column-container d-flex h-col-lg-auto h-col-md-auto h-col-auto style-1098-outer style-local-978-c11-outer\">\n            <div data-colibri-id=\"978-c11\" class=\"d-flex h-flex-basis h-column__inner h-px-lg-2 h-px-md-2 h-px-2 v-inner-lg-2 v-inner-md-2 v-inner-2 style-1098 style-local-978-c11 position-relative\">\n              <!---->\n              <!---->\n              <div class=\"w-100 h-y-container h-column__content h-column__v-align flex-basis-100 align-self-lg-start align-self-md-start align-self-start\">\n                <!---->\n                <div data-colibri-id=\"978-c12\" class=\"d-block style-1100 style-local-978-c12 position-relative h-element\">\n                  <!---->\n                  <div class=\"h-image__frame-container-outer\">\n                    <div class=\"h-image__frame-container\">\n                      <!---->\n                      <!---->\n                      <img loading=\"lazy\" decoding=\"async\" width=\"1695\" height=\"1696\" src=\"http:\/\/miningtext.at\/wp-content\/uploads\/2022\/01\/cropped-IMGP9306-scaled-2.jpg\" class=\"wp-image-979 style-1100-image style-local-978-c12-image\" alt=\"\" srcset=\"https:\/\/miningtext.at\/wp-content\/uploads\/2022\/01\/cropped-IMGP9306-scaled-2.jpg 1695w, https:\/\/miningtext.at\/wp-content\/uploads\/2022\/01\/cropped-IMGP9306-scaled-2-300x300.jpg 300w, https:\/\/miningtext.at\/wp-content\/uploads\/2022\/01\/cropped-IMGP9306-scaled-2-1024x1024.jpg 1024w, https:\/\/miningtext.at\/wp-content\/uploads\/2022\/01\/cropped-IMGP9306-scaled-2-150x150.jpg 150w, https:\/\/miningtext.at\/wp-content\/uploads\/2022\/01\/cropped-IMGP9306-scaled-2-768x768.jpg 768w, https:\/\/miningtext.at\/wp-content\/uploads\/2022\/01\/cropped-IMGP9306-scaled-2-1536x1536.jpg 1536w\" sizes=\"auto, (max-width: 1695px) 100vw, 1695px\" \/>\n                      <div class=\"h-image__frame h-hide-lg h-hide-md h-hide-sm style-1100-frameImage style-local-978-c12-frameImage\"><\/div>\n                    <\/div>\n                  <\/div>\n                <\/div>\n                <div data-colibri-id=\"978-c13\" class=\"h-text h-text-component style-1104 style-local-978-c13 position-relative h-element\">\n                  <!---->\n                  <!---->\n                  <div class=\"\">\n                    <p>Mine entrance on the Silberberg (c) TMMMT 2021, Roman Lamprecht &amp; Julia Haas<\/p>\n                  <\/div>\n                <\/div>\n              <\/div>\n            <\/div>\n          <\/div>\n          <div class=\"h-column h-column-container d-flex h-col-lg-auto h-col-md-auto h-col-auto style-1099-outer style-local-978-c14-outer\">\n            <div data-colibri-id=\"978-c14\" class=\"d-flex h-flex-basis h-column__inner h-px-lg-2 h-px-md-2 h-px-2 v-inner-lg-2 v-inner-md-2 v-inner-2 style-1099 style-local-978-c14 position-relative\">\n              <!---->\n              <!---->\n              <div class=\"w-100 h-y-container h-column__content h-column__v-align flex-basis-100 align-self-lg-start align-self-md-start align-self-start\">\n                <!---->\n                <div data-colibri-id=\"978-c15\" class=\"d-block style-1101 style-local-978-c15 position-relative h-element\">\n                  <!---->\n                  <div class=\"h-image__frame-container-outer\">\n                    <div class=\"h-image__frame-container\">\n                      <!---->\n                      <!---->\n                      <img loading=\"lazy\" decoding=\"async\" width=\"1695\" height=\"1696\" src=\"http:\/\/miningtext.at\/wp-content\/uploads\/2022\/01\/cropped-cropped-IMGP0546-scaled-1.jpg\" class=\"wp-image-980 style-1101-image style-local-978-c15-image\" alt=\"\" srcset=\"https:\/\/miningtext.at\/wp-content\/uploads\/2022\/01\/cropped-cropped-IMGP0546-scaled-1.jpg 1695w, https:\/\/miningtext.at\/wp-content\/uploads\/2022\/01\/cropped-cropped-IMGP0546-scaled-1-300x300.jpg 300w, https:\/\/miningtext.at\/wp-content\/uploads\/2022\/01\/cropped-cropped-IMGP0546-scaled-1-1024x1024.jpg 1024w, https:\/\/miningtext.at\/wp-content\/uploads\/2022\/01\/cropped-cropped-IMGP0546-scaled-1-150x150.jpg 150w, https:\/\/miningtext.at\/wp-content\/uploads\/2022\/01\/cropped-cropped-IMGP0546-scaled-1-768x768.jpg 768w, https:\/\/miningtext.at\/wp-content\/uploads\/2022\/01\/cropped-cropped-IMGP0546-scaled-1-1536x1536.jpg 1536w\" sizes=\"auto, (max-width: 1695px) 100vw, 1695px\" \/>\n                      <div class=\"h-image__frame h-hide-lg h-hide-md h-hide-sm style-1101-frameImage style-local-978-c15-frameImage\"><\/div>\n                    <\/div>\n                  <\/div>\n                <\/div>\n                <div data-colibri-id=\"978-c16\" class=\"h-text h-text-component style-1107 style-local-978-c16 position-relative h-element\">\n                  <!---->\n                  <!---->\n                  <div class=\"\">\n                    <p><span style=\"font-weight: 400; font-size: 16px; font-family: &quot;Open Sans&quot;; color: rgb(70, 112, 127);\">Mine entrance on the Silberberg (c) TMMMT 2021, Roman Lamprecht &amp; Julia Haas<\/span><\/p>\n                  <\/div>\n                <\/div>\n              <\/div>\n            <\/div>\n          <\/div>\n        <\/div>\n      <\/div>\n      <div data-colibri-id=\"978-c20\" class=\"h-row-container gutters-row-lg-2 gutters-row-md-2 gutters-row-0 gutters-row-v-lg-2 gutters-row-v-md-2 gutters-row-v-2 style-1142 style-local-978-c20 position-relative\">\n        <!---->\n        <div class=\"h-row justify-content-lg-center justify-content-md-center justify-content-center align-items-lg-stretch align-items-md-stretch align-items-stretch gutters-col-lg-2 gutters-col-md-2 gutters-col-0 gutters-col-v-lg-2 gutters-col-v-md-2 gutters-col-v-2\">\n          <!---->\n          <div class=\"h-column h-column-container d-flex h-col-lg-auto h-col-md-auto h-col-auto style-1143-outer style-local-978-c21-outer\">\n            <div data-colibri-id=\"978-c21\" class=\"d-flex h-flex-basis h-column__inner h-px-lg-2 h-px-md-2 h-px-2 v-inner-lg-2 v-inner-md-2 v-inner-2 style-1143 style-local-978-c21 position-relative\">\n              <!---->\n              <!---->\n              <div class=\"w-100 h-y-container h-column__content h-column__v-align flex-basis-100 align-self-lg-start align-self-md-start align-self-start\">\n                <!---->\n                <div data-colibri-id=\"978-c22\" class=\"h-text h-text-component style-1141 style-local-978-c22 position-relative h-element\">\n                  <!---->\n                  <!---->\n                  <div class=\"\">\n                    <p>References<\/p>\n                    <p>Exel, Reinhard (1982): Die Mineralien Tirols. Nordtirol, Vorarlberg und Osttirol. 2 B\u00e4nde. Bozen, Innsbruck, Wien: Athesia Verlag, Tyrolia Verlag 2\n                      <br>Mutschlechner, Georg (1984): Erzbergbau und Bergwesen im Berggericht Rattenberg. Reith im Alpbachtal: Im Selbstverlag der Gemeinden Alpbach, Brixlegg, Rattenberg.\n                      <br>Gruber, Elisabeth (2016): Vergleichende Untersuchung der onymischen Umfelder ausgew\u00e4hlter Tiroler Bergbauareale, Dissertation am Institut f\u00fcr Sprachen und Literaturen Bereich Sprachwissenschaft, Leopold-Franzens-Universit\u00e4t, Innsbruck.\n                      <br>Srbik, Robert von (1929): \u00dcberblick des Bergbaues von Tirol und Vorarlberg in Vergangenheit und Gegenwart. Innsbruck: Wagner.<\/p>\n                    <p>\n                      <br>\n                    <\/p>\n                  <\/div>\n                <\/div>\n              <\/div>\n            <\/div>\n          <\/div>\n        <\/div>\n      <\/div>\n    <\/div>\n  <\/div>\n<\/div>","protected":false},"excerpt":{"rendered":"<p>Montanarch\u00e4ologische Prospektionen im Gebiet Silberberg (KG Reith im Alpbachtal), Holzalm-Gra\u00dfberg (KG Thierbach) und Kundler Berg (KG Kundl) Ziel der montanarch\u00e4ologischen Begehungen war, die aus dem Verleihbuch der Rattenberger Bergrichter von 1460-1463 n. Chr. bekannten Lokalit\u00e4ten auf erhaltene Bergbauspuren hin zu untersuchen. Hierf\u00fcr wurde das einstige Abbaugebiet \u201eSilberberg\u201c in der Gemeinde Reith im Alpbachtal bzw. Brixlegg [&hellip;]<\/p>","protected":false},"author":1,"featured_media":0,"parent":0,"menu_order":0,"comment_status":"closed","ping_status":"closed","template":"page-templates\/full-width-page.php","meta":{"footnotes":""},"class_list":["post-978","page","type-page","status-publish","hentry"],"_links":{"self":[{"href":"https:\/\/miningtext.at\/en\/wp-json\/wp\/v2\/pages\/978","targetHints":{"allow":["GET"]}}],"collection":[{"href":"https:\/\/miningtext.at\/en\/wp-json\/wp\/v2\/pages"}],"about":[{"href":"https:\/\/miningtext.at\/en\/wp-json\/wp\/v2\/types\/page"}],"author":[{"embeddable":true,"href":"https:\/\/miningtext.at\/en\/wp-json\/wp\/v2\/users\/1"}],"replies":[{"embeddable":true,"href":"https:\/\/miningtext.at\/en\/wp-json\/wp\/v2\/comments?post=978"}],"version-history":[{"count":4,"href":"https:\/\/miningtext.at\/en\/wp-json\/wp\/v2\/pages\/978\/revisions"}],"predecessor-version":[{"id":1148,"href":"https:\/\/miningtext.at\/en\/wp-json\/wp\/v2\/pages\/978\/revisions\/1148"}],"wp:attachment":[{"href":"https:\/\/miningtext.at\/en\/wp-json\/wp\/v2\/media?parent=978"}],"curies":[{"name":"wp","href":"https:\/\/api.w.org\/{rel}","templated":true}]}}