{"id":759,"date":"2021-11-18T11:57:34","date_gmt":"2021-11-18T10:57:34","guid":{"rendered":"https:\/\/miningtext.at\/?page_id=759"},"modified":"2022-03-30T10:47:08","modified_gmt":"2022-03-30T08:47:08","slug":"mind-map","status":"publish","type":"page","link":"https:\/\/miningtext.at\/en\/mind-map","title":{"rendered":"Mind Map"},"content":{"rendered":"<div data-colibri-id=\"759-c1\" class=\"style-1147 style-local-759-c1 position-relative\">\n  <!---->\n  <div data-colibri-component=\"section\" data-colibri-id=\"759-c2\" id=\"initial-content\" class=\"h-section h-section-global-spacing d-flex align-items-lg-center align-items-md-center align-items-center style-1148 style-local-759-c2 position-relative\">\n    <!---->\n    <!---->\n    <div class=\"h-section-grid-container h-section-boxed-container\">\n      <!---->\n      <div data-colibri-id=\"759-c3\" class=\"h-row-container gutters-row-lg-2 gutters-row-md-2 gutters-row-0 gutters-row-v-lg-2 gutters-row-v-md-2 gutters-row-v-2 style-1149 style-local-759-c3 position-relative\">\n        <!---->\n        <div class=\"h-row justify-content-lg-center justify-content-md-center justify-content-center align-items-lg-stretch align-items-md-stretch align-items-stretch gutters-col-lg-2 gutters-col-md-2 gutters-col-0 gutters-col-v-lg-2 gutters-col-v-md-2 gutters-col-v-2\">\n          <!---->\n          <div class=\"h-column h-column-container d-flex h-col-lg-auto h-col-md-auto h-col-auto style-1150-outer style-local-759-c4-outer\">\n            <div data-colibri-id=\"759-c4\" class=\"d-flex h-flex-basis h-column__inner h-px-lg-2 h-px-md-2 h-px-2 v-inner-lg-2 v-inner-md-2 v-inner-2 style-1150 style-local-759-c4 position-relative\">\n              <!---->\n              <!---->\n              <div class=\"w-100 h-y-container h-column__content h-column__v-align flex-basis-100 align-self-lg-start align-self-md-start align-self-start\">\n                <!---->\n                <div data-colibri-id=\"759-c5\" class=\"style-1151 style-local-759-c5 position-relative h-element\">\n                  <!---->\n                  <div>\n                    \n                    <p>The information on mining areas and logging sites contained in the Hs. 37 and Hs. 1587 has been integrated into an interactive mind map.<\/p>\n                    \n\n                    \n                    <pre class=\"wp-block-code\"><code><iframe loading=\"lazy\" width=\"100%\" height=\"800%\" src=\"https:\/\/share.mindmanager.com\/#publish\/yHkojKsRTniI0tgbElTVKsn55q3A5K-l5zlrNYk_\"><\/iframe><\/code><\/pre>\n                    \n\n                    \n                    <p class=\"has-large-font-size\"><\/p>\n                    \n                  <\/div>\n                <\/div>\n              <\/div>\n            <\/div>\n          <\/div>\n        <\/div>\n      <\/div>\n    <\/div>\n  <\/div>\n  <div data-colibri-component=\"section\" data-colibri-id=\"759-c6\" id=\"custom\" class=\"h-section h-section-global-spacing d-flex align-items-lg-center align-items-md-center align-items-center style-1152 style-local-759-c6 position-relative\">\n    <!---->\n    <!---->\n    <div class=\"h-section-grid-container h-section-boxed-container\">\n      <!---->\n      <div data-colibri-id=\"759-c9\" class=\"h-row-container gutters-row-lg-2 gutters-row-md-2 gutters-row-0 gutters-row-v-lg-2 gutters-row-v-md-2 gutters-row-v-2 style-1155 style-local-759-c9 position-relative\">\n        <!---->\n        <div class=\"h-row justify-content-lg-center justify-content-md-center justify-content-center align-items-lg-stretch align-items-md-stretch align-items-stretch gutters-col-lg-2 gutters-col-md-2 gutters-col-0 gutters-col-v-lg-2 gutters-col-v-md-2 gutters-col-v-2\">\n          <!---->\n          <div class=\"h-column h-column-container d-flex h-col-lg-auto h-col-md-auto h-col-auto style-1156-outer style-local-759-c10-outer\">\n            <div data-colibri-id=\"759-c10\" class=\"d-flex h-flex-basis h-column__inner h-px-lg-2 h-px-md-2 h-px-2 v-inner-lg-2 v-inner-md-2 v-inner-2 style-1156 style-local-759-c10 position-relative\">\n              <!---->\n              <!---->\n              <div class=\"w-100 h-y-container h-column__content h-column__v-align flex-basis-100 align-self-lg-start align-self-md-start align-self-start\">\n                <!---->\n                <div data-colibri-id=\"759-c13\" class=\"h-text h-text-component style-1159 style-local-759-c13 position-relative h-element\">\n                  <!---->\n                  <!---->\n                  <div class=\"\">\n                    <p>Eine neue Mind Map &#8220;\n                      <a href=\"https:\/\/share.mindmanager.com\/#publish\/th7BPru9HsCIHhziJH4RregREPUFwGLRnigaWY9L\" target=\"_blank\" rel=\"noopener\">TMMMT places and mines<\/a>&#8220; wurde erstellt, die nun auch die Informationen aus dem Schwazer Berglehenbuch enth\u00e4lt.<\/p>\n                  <\/div>\n                <\/div>\n                <div data-colibri-id=\"759-c16\" class=\"h-x-container style-1162 style-local-759-c16 position-relative h-element\">\n                  <!---->\n                  <div class=\"h-x-container-inner style-dynamic-759-c16-group style-1162-spacing style-local-759-c16-spacing\"><span class=\"h-button__outer style-1163-outer style-local-759-c17-outer d-inline-flex h-element\"><a h-use-smooth-scroll=\"true\" href=\"https:\/\/share.mindmanager.com\/#publish\/th7BPru9HsCIHhziJH4RregREPUFwGLRnigaWY9L\"  data-colibri-id=\"759-c17\" class=\"d-flex w-100 align-items-center h-button justify-content-lg-center justify-content-md-center justify-content-center style-1163 style-local-759-c17 position-relative\"><!----><!----> <span>Entdecke TMMMT places and mines<\/span><\/a>\n                    <\/span>\n                  <\/div>\n                <\/div>\n              <\/div>\n            <\/div>\n          <\/div>\n        <\/div>\n      <\/div>\n    <\/div>\n  <\/div>\n<\/div>","protected":false},"excerpt":{"rendered":"<p>Die Informationen zu den Abbaugebieten, Verh\u00fcttungspl\u00e4tzen und Holzschl\u00e4gen im Verleihbuch der Rattenberger Bergrichter (Hs. 37) wurde in eine interaktive Mind Map eingebunden. Somit ist es m\u00f6glich, sich auf schnelle und einfache Weise einen \u00dcberblick zu den enthaltenen Orten zu verschaffen. Eine neue Mind Map &#8220; TMMMT places and mines&#8220; wurde erstellt, die nun auch die [&hellip;]<\/p>","protected":false},"author":1,"featured_media":0,"parent":0,"menu_order":0,"comment_status":"closed","ping_status":"closed","template":"page-templates\/full-width-page.php","meta":{"footnotes":""},"class_list":["post-759","page","type-page","status-publish","hentry"],"_links":{"self":[{"href":"https:\/\/miningtext.at\/en\/wp-json\/wp\/v2\/pages\/759","targetHints":{"allow":["GET"]}}],"collection":[{"href":"https:\/\/miningtext.at\/en\/wp-json\/wp\/v2\/pages"}],"about":[{"href":"https:\/\/miningtext.at\/en\/wp-json\/wp\/v2\/types\/page"}],"author":[{"embeddable":true,"href":"https:\/\/miningtext.at\/en\/wp-json\/wp\/v2\/users\/1"}],"replies":[{"embeddable":true,"href":"https:\/\/miningtext.at\/en\/wp-json\/wp\/v2\/comments?post=759"}],"version-history":[{"count":7,"href":"https:\/\/miningtext.at\/en\/wp-json\/wp\/v2\/pages\/759\/revisions"}],"predecessor-version":[{"id":1273,"href":"https:\/\/miningtext.at\/en\/wp-json\/wp\/v2\/pages\/759\/revisions\/1273"}],"wp:attachment":[{"href":"https:\/\/miningtext.at\/en\/wp-json\/wp\/v2\/media?parent=759"}],"curies":[{"name":"wp","href":"https:\/\/api.w.org\/{rel}","templated":true}]}}