{"id":72,"date":"2021-05-12T08:47:19","date_gmt":"2021-05-12T06:47:19","guid":{"rendered":"https:\/\/miningtext.at\/?page_id=72"},"modified":"2021-05-19T11:09:53","modified_gmt":"2021-05-19T09:09:53","slug":"imprint","status":"publish","type":"page","link":"https:\/\/miningtext.at\/en\/imprint","title":{"rendered":"Imprint"},"content":{"rendered":"<div data-colibri-id=\"72-c1\" class=\"style-856 style-local-72-c1 position-relative\">\n  <!---->\n  <div data-colibri-component=\"section\" data-colibri-id=\"72-c2\" id=\"custom\" class=\"h-section h-section-global-spacing d-flex align-items-lg-center align-items-md-center align-items-center style-857 style-local-72-c2 position-relative\">\n    <!---->\n    <!---->\n    <div class=\"h-section-grid-container h-section-boxed-container\">\n      <!---->\n      <div data-colibri-id=\"72-c3\" class=\"h-row-container gutters-row-lg-2 gutters-row-md-2 gutters-row-0 gutters-row-v-lg-2 gutters-row-v-md-2 gutters-row-v-2 style-868 style-local-72-c3 position-relative\">\n        <!---->\n        <div class=\"h-row justify-content-lg-center justify-content-md-center justify-content-center align-items-lg-stretch align-items-md-stretch align-items-stretch gutters-col-lg-2 gutters-col-md-2 gutters-col-0 gutters-col-v-lg-2 gutters-col-v-md-2 gutters-col-v-2\">\n          <!---->\n          <div class=\"h-column h-column-container d-flex h-col-lg-auto h-col-md-auto h-col-auto style-869-outer style-local-72-c4-outer\">\n            <div data-colibri-id=\"72-c4\" class=\"d-flex h-flex-basis h-column__inner h-px-lg-2 h-px-md-2 h-px-2 v-inner-lg-2 v-inner-md-2 v-inner-2 style-869 style-local-72-c4 position-relative\">\n              <!---->\n              <!---->\n              <div class=\"w-100 h-y-container h-column__content h-column__v-align flex-basis-100 align-self-lg-start align-self-md-start align-self-start\">\n                <!---->\n                <div data-colibri-id=\"72-c5\" class=\"h-text h-text-component style-867 style-local-72-c5 position-relative h-element\">\n                  <!---->\n                  <!---->\n                  <div class=\"\">\n                    <p>&#8222;Text Mining Medieval Mining Texts &#8211; T.M.M.M.T.&#8220; ist ein Forschungsprojekt an der Universit\u00e4t Innsbruck, das durch die &#8222;Go Digital Next Generation&#8220; Ausschreibung der \u00d6sterreichischen Akademie der Wissenschaften gef\u00f6rdert wird.<\/p>\n                    <p>Projektlaufzeit: J\u00e4nner 2019 bis J\u00e4nner 2022<\/p>\n                    <p>Kontakt:<\/p>\n                    <p>Elisabeth Gruber-Tokic, Institut f\u00fcr Sprachwissenschaft, Universit\u00e4t Innsbruck<\/p>\n                    <p>Bettina Larl-Z\u00f6gernitz, Institut f\u00fcr Sprachwissenschaft, Universit\u00e4t Innsbruck<\/p>\n                    <p>Gerald Hiebel, Digital Science Center, Universit\u00e4t Innsbruck<\/p>\n                  <\/div>\n                <\/div>\n              <\/div>\n            <\/div>\n          <\/div>\n        <\/div>\n      <\/div>\n      <div data-colibri-id=\"72-c6\" class=\"h-row-container gutters-row-lg-2 gutters-row-md-2 gutters-row-0 gutters-row-v-lg-2 gutters-row-v-md-2 gutters-row-v-2 style-858 style-local-72-c6 position-relative\">\n        <!---->\n        <div class=\"h-row justify-content-lg-center justify-content-md-center justify-content-center align-items-lg-stretch align-items-md-stretch align-items-stretch gutters-col-lg-2 gutters-col-md-2 gutters-col-0 gutters-col-v-lg-2 gutters-col-v-md-2 gutters-col-v-2\">\n          <!---->\n          <div class=\"h-column h-column-container d-flex h-col-lg-auto h-col-md-auto h-col-auto style-859-outer style-local-72-c7-outer\">\n            <div data-colibri-id=\"72-c7\" class=\"d-flex h-flex-basis h-column__inner h-px-lg-2 h-px-md-2 h-px-2 v-inner-lg-2 v-inner-md-2 v-inner-2 style-859 style-local-72-c7 position-relative\">\n              <!---->\n              <!---->\n              <div class=\"w-100 h-y-container h-column__content h-column__v-align flex-basis-100 align-self-lg-start align-self-md-start align-self-start\">\n                <!---->\n                <div data-colibri-id=\"72-c14\" class=\"h-text h-text-component style-870 style-local-72-c14 position-relative h-element\">\n                  <!---->\n                  <!---->\n                  <div class=\"\">\n                    <p>Terms of Use : Content from the research project \u201cText Mining Medieval Mining Texts\u201d and Tiroler Landesarchiv (Tyrolean Regional Archives) may be used for personal use only. Persons who wish to use any of the Tiroler Landesarchiv content\n                      including text, photographs, maps, sketches for other than their own personal use, must obtain approval from the Tiroler Landesarchiv. Please contact landesarchiv@tirol.gv.at to seek approval to use content.<\/p>\n                  <\/div>\n                <\/div>\n              <\/div>\n            <\/div>\n          <\/div>\n        <\/div>\n      <\/div>\n    <\/div>\n  <\/div>\n  <div data-colibri-component=\"section\" data-colibri-id=\"72-c9\" id=\"custom-2\" class=\"h-section h-section-global-spacing d-flex align-items-lg-center align-items-md-center align-items-center style-862 style-local-72-c9 position-relative\">\n    <!---->\n    <!---->\n    <div class=\"h-section-grid-container h-section-boxed-container\">\n      <!---->\n      <div data-colibri-id=\"72-c10\" class=\"h-row-container gutters-row-lg-2 gutters-row-md-2 gutters-row-0 gutters-row-v-lg-2 gutters-row-v-md-2 gutters-row-v-2 style-865 style-local-72-c10 position-relative\">\n        <!---->\n        <div class=\"h-row justify-content-lg-center justify-content-md-center justify-content-center align-items-lg-stretch align-items-md-stretch align-items-stretch gutters-col-lg-2 gutters-col-md-2 gutters-col-0 gutters-col-v-lg-2 gutters-col-v-md-2 gutters-col-v-2\">\n          <!---->\n          <div class=\"h-column h-column-container d-flex h-col-lg-auto h-col-md-auto h-col-auto style-866-outer style-local-72-c11-outer\">\n            <div data-colibri-id=\"72-c11\" class=\"d-flex h-flex-basis h-column__inner h-ui-empty-state-container h-px-lg-2 h-px-md-2 h-px-2 v-inner-lg-2 v-inner-md-2 v-inner-2 style-866 style-local-72-c11 position-relative\">\n              <!---->\n              <!---->\n              <div class=\"w-100 h-y-container h-column__content h-column__v-align flex-basis-100\">\n                <!---->\n              <\/div>\n            <\/div>\n          <\/div>\n        <\/div>\n      <\/div>\n      <div data-colibri-id=\"72-c12\" class=\"h-row-container gutters-row-lg-2 gutters-row-md-2 gutters-row-0 gutters-row-v-lg-2 gutters-row-v-md-2 gutters-row-v-2 style-863 style-local-72-c12 position-relative\">\n        <!---->\n        <div class=\"h-row justify-content-lg-center justify-content-md-center justify-content-center align-items-lg-stretch align-items-md-stretch align-items-stretch gutters-col-lg-2 gutters-col-md-2 gutters-col-0 gutters-col-v-lg-2 gutters-col-v-md-2 gutters-col-v-2\">\n          <!---->\n          <div class=\"h-column h-column-container d-flex h-col-lg-auto h-col-md-auto h-col-auto style-864-outer style-local-72-c13-outer\">\n            <div data-colibri-id=\"72-c13\" class=\"d-flex h-flex-basis h-column__inner h-ui-empty-state-container h-px-lg-2 h-px-md-2 h-px-2 v-inner-lg-2 v-inner-md-2 v-inner-2 style-864 style-local-72-c13 position-relative\">\n              <!---->\n              <!---->\n              <div class=\"w-100 h-y-container h-column__content h-column__v-align flex-basis-100\">\n                <!---->\n              <\/div>\n            <\/div>\n          <\/div>\n        <\/div>\n      <\/div>\n    <\/div>\n  <\/div>\n<\/div>","protected":false},"excerpt":{"rendered":"<p>&#8222;Text Mining Medieval Mining Texts &#8211; T.M.M.M.T.&#8220; ist ein Forschungsprojekt an der Universit\u00e4t Innsbruck, das durch die &#8222;Go Digital Next Generation&#8220; Ausschreibung der \u00d6sterreichischen Akademie der Wissenschaften gef\u00f6rdert wird. Projektlaufzeit: J\u00e4nner 2019 bis J\u00e4nner 2022 Kontakt: Elisabeth Gruber-Tokic, Institut f\u00fcr Sprachwissenschaft, Universit\u00e4t Innsbruck Bettina Larl-Z\u00f6gernitz, Institut f\u00fcr Sprachwissenschaft, Universit\u00e4t Innsbruck Gerald Hiebel, Digital Science Center, [&hellip;]<\/p>","protected":false},"author":1,"featured_media":0,"parent":0,"menu_order":0,"comment_status":"closed","ping_status":"closed","template":"page-templates\/full-width-page.php","meta":{"footnotes":""},"class_list":["post-72","page","type-page","status-publish","hentry"],"_links":{"self":[{"href":"https:\/\/miningtext.at\/en\/wp-json\/wp\/v2\/pages\/72","targetHints":{"allow":["GET"]}}],"collection":[{"href":"https:\/\/miningtext.at\/en\/wp-json\/wp\/v2\/pages"}],"about":[{"href":"https:\/\/miningtext.at\/en\/wp-json\/wp\/v2\/types\/page"}],"author":[{"embeddable":true,"href":"https:\/\/miningtext.at\/en\/wp-json\/wp\/v2\/users\/1"}],"replies":[{"embeddable":true,"href":"https:\/\/miningtext.at\/en\/wp-json\/wp\/v2\/comments?post=72"}],"version-history":[{"count":4,"href":"https:\/\/miningtext.at\/en\/wp-json\/wp\/v2\/pages\/72\/revisions"}],"predecessor-version":[{"id":424,"href":"https:\/\/miningtext.at\/en\/wp-json\/wp\/v2\/pages\/72\/revisions\/424"}],"wp:attachment":[{"href":"https:\/\/miningtext.at\/en\/wp-json\/wp\/v2\/media?parent=72"}],"curies":[{"name":"wp","href":"https:\/\/api.w.org\/{rel}","templated":true}]}}