{"id":347,"date":"2021-05-19T08:54:08","date_gmt":"2021-05-19T06:54:08","guid":{"rendered":"https:\/\/miningtext.at\/?page_id=347"},"modified":"2022-03-30T10:33:59","modified_gmt":"2022-03-30T08:33:59","slug":"verleihbuch-der-rattenberger-bergrichter","status":"publish","type":"page","link":"https:\/\/miningtext.at\/en\/verleihbuch-der-rattenberger-bergrichter","title":{"rendered":"Verleihbuch der Rattenberger Bergrichter"},"content":{"rendered":"<div data-colibri-id=\"347-c1\" class=\"style-836 style-local-347-c1 position-relative\">\n  <!---->\n  <div data-colibri-component=\"section\" data-colibri-id=\"347-c2\" id=\"custom\" class=\"h-section h-section-global-spacing d-flex align-items-lg-center align-items-md-center align-items-center style-837 style-local-347-c2 position-relative\">\n    <!---->\n    <!---->\n    <div class=\"h-section-grid-container h-section-boxed-container\">\n      <!---->\n      <div data-colibri-id=\"347-c3\" class=\"h-row-container gutters-row-lg-2 gutters-row-md-2 gutters-row-0 gutters-row-v-lg-2 gutters-row-v-md-2 gutters-row-v-2 style-838 style-local-347-c3 position-relative\">\n        <!---->\n        <div class=\"h-row justify-content-lg-center justify-content-md-center justify-content-center align-items-lg-stretch align-items-md-stretch align-items-stretch gutters-col-lg-2 gutters-col-md-2 gutters-col-0 gutters-col-v-lg-2 gutters-col-v-md-2 gutters-col-v-2\">\n          <!---->\n          <div class=\"h-column h-column-container d-flex h-col-lg-auto h-col-md-auto h-col-auto style-839-outer style-local-347-c4-outer\">\n            <div data-colibri-id=\"347-c4\" class=\"d-flex h-flex-basis h-column__inner h-px-lg-2 h-px-md-2 h-px-2 v-inner-lg-2 v-inner-md-2 v-inner-2 style-839 style-local-347-c4 position-relative\">\n              <!---->\n              <!---->\n              <div class=\"w-100 h-y-container h-column__content h-column__v-align flex-basis-100 align-self-lg-start align-self-md-start align-self-start\">\n                <!---->\n                <div data-colibri-id=\"347-c5\" class=\"h-x-container style-850 style-local-347-c5 position-relative h-element\">\n                  <!---->\n                  <div class=\"h-x-container-inner style-dynamic-347-c5-group style-850-spacing style-local-347-c5-spacing\"><span class=\"h-button__outer style-851-outer style-local-347-c6-outer d-inline-flex h-element\"><a h-use-smooth-scroll=\"true\" href=\"https:\/\/transkribus.eu\/r\/mining-hub\/#\/\"  data-colibri-id=\"347-c6\" class=\"d-flex w-100 align-items-center h-button justify-content-lg-center justify-content-md-center justify-content-center style-851 style-local-347-c6 position-relative\"><!----><!----> <span>Explore the \"Verleihbuch der Rattenberger Bergrichter\"<\/span><\/a>\n                    <\/span>\n                  <\/div>\n                <\/div>\n                <div data-colibri-id=\"347-c7\" class=\"h-text h-text-component style-841 style-local-347-c7 position-relative h-element\">\n                  <!---->\n                  <!---->\n                  <div class=\"\">\n                    <p>The \"Verleihbuch der Rattenberger Bergrichter\" (Rental Book of the Mountain Judges of Rattenberg) is in the Tyrolean Provincial Archives in Innsbruck, previously unedited, with the shelfmark Hs. 37.\u00a0Written between 1460 and 1463, the document contains 1,474 entries of the mining court of Rattenberg. The document comprises 347 pages (57,797 words).<\/p>\n                    <p>The table of contents lists 110 mining areas. <span style=\"color: rgb(70, 112, 127); font-family: &quot;Open Sans&quot;; font-size: 16px; font-weight: 400;\">The entries refer to mining claims (1 340), logging in general (58), logging dedicated to smelting (65) and other mining related grants.<\/span>The mentioned places are mainly situated in the area of Rattenberg-Brixlegg (Tyrol, Austria). However, historical research and geo-referencing shows that timber and hut felling in particular were also granted in areas in what is now Bavaria (Germany). This circumstance is based on the fact that the town of Rattenberg was governed by Bavaria at the time of the grants (1369-1504).<\/p>\n                    <p>The mining areas and their economic development is depicted on the site\n                      <a href=\"https:\/\/miningtext.at\/en\/visualisation\/\" target=\"_blank\" rel=\"noopener\">Visualisation <\/a>.<\/p>\n                    <p>Transcript on Zenodo:&nbsp;\n                      <a href=\"https:\/\/zenodo.org\/record\/6274562\/#.YkQUyShBwdU\" target=\"_blank\" style=\"color: rgb(0, 102, 204); font-size: 16px; font-weight: 400; font-family: &quot;Open Sans&quot;;\" class=\"customize-unpreviewable\" rel=\"noopener\">Verleihbuch der Rattenberger Bergrichter<\/a><span style=\"color: rgb(70, 112, 127); font-size: 16px; font-weight: 400; font-family: &quot;Open Sans&quot;;\">, 1460-1463 (Tiroler Landesarchiv Hs. 37), DOI:&nbsp;<\/span>\n                      <a href=\"https:\/\/zenodo.org\/record\/6274562\/#.YkQUyShBwdU\" target=\"_blank\" style=\"color: rgb(0, 102, 204); font-size: 16px; font-weight: 400; font-family: &quot;Open Sans&quot;;\" class=\"customize-unpreviewable\" rel=\"noopener\">10.5281\/zenodo.6274562<\/a>\n                    <\/p>\n                    <p>\n                      <br>\n                    <\/p>\n                    <p>\n                      <br>\n                    <\/p>\n                  <\/div>\n                <\/div>\n                <div data-colibri-id=\"347-c8\" class=\"h-x-container style-980 style-local-347-c8 position-relative h-element\">\n                  <!---->\n                  <div class=\"h-x-container-inner style-dynamic-347-c8-group style-980-spacing style-local-347-c8-spacing\"><span class=\"h-button__outer style-981-outer style-local-347-c9-outer d-inline-flex h-element\"><a h-use-smooth-scroll=\"true\" href=\"https:\/\/share.mindmanager.com\/#publish\/yHkojKsRTniI0tgbElTVKsn55q3A5K-l5zlrNYk_\"  data-colibri-id=\"347-c9\" class=\"d-flex w-100 align-items-center h-button justify-content-lg-center justify-content-md-center justify-content-center style-981 style-local-347-c9 position-relative\"><!----><!----> <span>Mind Map Verleihbuch Rattenberger Bergrichter<\/span><\/a>\n                    <\/span>\n                  <\/div>\n                <\/div>\n              <\/div>\n            <\/div>\n          <\/div>\n          <div class=\"h-column h-column-container d-flex h-col-lg-auto h-col-md-auto h-col-auto style-840-outer style-local-347-c10-outer\">\n            <div data-colibri-id=\"347-c10\" class=\"d-flex h-flex-basis h-column__inner h-px-lg-2 h-px-md-2 h-px-2 v-inner-lg-2 v-inner-md-2 v-inner-2 style-840 style-local-347-c10 position-relative\">\n              <!---->\n              <!---->\n              <div class=\"w-100 h-y-container h-column__content h-column__v-align flex-basis-100 align-self-lg-start align-self-md-start align-self-start\">\n                <!---->\n                <div data-colibri-id=\"347-c11\" class=\"d-block style-842 style-local-347-c11 position-relative h-element\">\n                  <!---->\n                  <div class=\"h-image__frame-container-outer\">\n                    <div class=\"h-image__frame-container\">\n                      <!---->\n                      <!---->\n                      <img loading=\"lazy\" decoding=\"async\" width=\"2313\" height=\"1920\" src=\"http:\/\/miningtext.at\/wp-content\/uploads\/2021\/05\/cropped-Handschrift-37-001-scaled-1.jpg\" class=\"wp-image-355 style-842-image style-local-347-c11-image\" alt=\"\" srcset=\"https:\/\/miningtext.at\/wp-content\/uploads\/2021\/05\/cropped-Handschrift-37-001-scaled-1.jpg 2313w, https:\/\/miningtext.at\/wp-content\/uploads\/2021\/05\/cropped-Handschrift-37-001-scaled-1-300x249.jpg 300w, https:\/\/miningtext.at\/wp-content\/uploads\/2021\/05\/cropped-Handschrift-37-001-scaled-1-1024x850.jpg 1024w, https:\/\/miningtext.at\/wp-content\/uploads\/2021\/05\/cropped-Handschrift-37-001-scaled-1-768x638.jpg 768w, https:\/\/miningtext.at\/wp-content\/uploads\/2021\/05\/cropped-Handschrift-37-001-scaled-1-1536x1275.jpg 1536w, https:\/\/miningtext.at\/wp-content\/uploads\/2021\/05\/cropped-Handschrift-37-001-scaled-1-2048x1700.jpg 2048w\" sizes=\"auto, (max-width: 2313px) 100vw, 2313px\" \/>\n                      <div class=\"h-image__frame h-hide-lg h-hide-md h-hide-sm style-842-frameImage style-local-347-c11-frameImage\"><\/div>\n                    <\/div>\n                  <\/div>\n                <\/div>\n                <div data-colibri-id=\"347-c12\" class=\"h-text h-text-component style-849 style-local-347-c12 position-relative h-element\">\n                  <!---->\n                  <!---->\n                  <div class=\"\">\n                    <p>(c) Tiroler Landesarchiv, Hs. 37 pag. I<\/p>\n                  <\/div>\n                <\/div>\n              <\/div>\n            <\/div>\n          <\/div>\n        <\/div>\n      <\/div>\n    <\/div>\n  <\/div>\n  <div data-colibri-component=\"section\" data-colibri-id=\"347-c13\" id=\"custom-3\" class=\"h-section h-section-global-spacing d-flex align-items-lg-center align-items-md-center align-items-center style-970 style-local-347-c13 position-relative\">\n    <!---->\n    <!---->\n    <div class=\"h-section-grid-container h-section-boxed-container\">\n      <!---->\n      <div data-colibri-id=\"347-c14\" class=\"h-row-container gutters-row-lg-2 gutters-row-md-2 gutters-row-0 gutters-row-v-lg-2 gutters-row-v-md-2 gutters-row-v-2 style-971 style-local-347-c14 position-relative\">\n        <!---->\n        <div class=\"h-row justify-content-lg-center justify-content-md-center justify-content-center align-items-lg-stretch align-items-md-stretch align-items-stretch gutters-col-lg-2 gutters-col-md-2 gutters-col-0 gutters-col-v-lg-2 gutters-col-v-md-2 gutters-col-v-2\">\n          <!---->\n          <div class=\"h-column h-column-container d-flex h-col-lg-auto h-col-md-auto h-col-auto style-972-outer style-local-347-c15-outer\">\n            <div data-colibri-id=\"347-c15\" class=\"d-flex h-flex-basis h-column__inner h-px-lg-2 h-px-md-2 h-px-2 v-inner-lg-2 v-inner-md-2 v-inner-2 style-972 style-local-347-c15 position-relative\">\n              <!---->\n              <!---->\n              <div class=\"w-100 h-y-container h-column__content h-column__v-align flex-basis-100 align-self-lg-start align-self-md-start align-self-start\">\n                <!---->\n                <div data-colibri-id=\"347-c16\" class=\"h-text h-text-component style-973 style-local-347-c16 position-relative h-element\">\n                  <!---->\n                  <!---->\n                  <div class=\"\">\n                    <p>References<\/p>\n                    <p>Brandst\u00e4tter, Klaus (2013a): Das Rattenberger Bergbaurevier In: Montanwerke Brixlegg AG\/Oeggl, Klaus\/ Schaffer, Veronika (Hg.): Cuprum Tyrolense. 550 Jahre Bergbau und Kupferverh\u00fcttung in Tirol. Reith i. A., 207-232.<\/p>\n                    <p>Brandst\u00e4tter, Klaus (2013b): Der Bergbau in Schwaz und die Brixlegger H\u00fctte. In: Montanwerke Brixlegg AG\/Oeggl, Klaus\/ Schaffer, Veronika (Hg.): Cuprum Tyrolense. 550 Jahre Bergbau und Kupferverh\u00fcttung in Tirol. Reith i. A., 233-240.<\/p>\n                    <p>Gruber, Elisabeth (2016): \u201eGrubennamen des Bergbauareales Silberberg im Verleihbuch der Rattenberger Bergrichter (1460-1463).\u201c In: Anreiter, Peter \u2013 Rampl, Gerhard (Hg.) 8. Tagung des Arbeitskreises f\u00fcr Bayerisch \u00d6sterreichische Namenforschung\n                      vom 25. bis 27. September 2014 in Innsbruck. Wien: Praesens, 31-54.<\/p>\n                    <p>Mutschlechner, Georg (1984): Erzbergbau und Bergwesen im Berggericht Rattenberg. Reith im Alpbachtach: Im Selbstverlag der Gemeinden Alpbach, Brixlegg, Rattenberg.<\/p>\n                    <p>Pfaundler-Spat, Gertrud (2006): Tirol-Lexikon. Ein Nachschlagewerk \u00fcber Menschen und Orte des Bundeslandes Tirol. Innsbruck, Wien, Bozen: StudienVerlag.<\/p>\n                    <p>\n                      <br>\n                    <\/p>\n                  <\/div>\n                <\/div>\n              <\/div>\n            <\/div>\n          <\/div>\n        <\/div>\n      <\/div>\n    <\/div>\n  <\/div>\n<\/div>","protected":false},"excerpt":{"rendered":"<p>Entdecke das Verleihbuch der Rattenberger Bergrichter Das &#8222;Verleihbuch der Rattenberger Bergrichter&#8220; liegt, bisher uneditiert, mit der Signatur Hs. 37 im Tiroler Landesarchiv zu Innsbruck.&nbsp;Verfasst im Zeitraum zwischen 1460 und 1463, enth\u00e4lt das Dokument 1.474 Eintr\u00e4ge des Berggerichts Rattenberg. Das Schriftst\u00fcck umfasst 347 Seiten (57.797 W\u00f6rter). Das Inhaltsverzeichnis listet insgesamt 110 Orte zu denen Eintr\u00e4ge erfasst [&hellip;]<\/p>","protected":false},"author":1,"featured_media":0,"parent":0,"menu_order":0,"comment_status":"closed","ping_status":"closed","template":"page-templates\/full-width-page.php","meta":{"footnotes":""},"class_list":["post-347","page","type-page","status-publish","hentry"],"_links":{"self":[{"href":"https:\/\/miningtext.at\/en\/wp-json\/wp\/v2\/pages\/347","targetHints":{"allow":["GET"]}}],"collection":[{"href":"https:\/\/miningtext.at\/en\/wp-json\/wp\/v2\/pages"}],"about":[{"href":"https:\/\/miningtext.at\/en\/wp-json\/wp\/v2\/types\/page"}],"author":[{"embeddable":true,"href":"https:\/\/miningtext.at\/en\/wp-json\/wp\/v2\/users\/1"}],"replies":[{"embeddable":true,"href":"https:\/\/miningtext.at\/en\/wp-json\/wp\/v2\/comments?post=347"}],"version-history":[{"count":15,"href":"https:\/\/miningtext.at\/en\/wp-json\/wp\/v2\/pages\/347\/revisions"}],"predecessor-version":[{"id":1224,"href":"https:\/\/miningtext.at\/en\/wp-json\/wp\/v2\/pages\/347\/revisions\/1224"}],"wp:attachment":[{"href":"https:\/\/miningtext.at\/en\/wp-json\/wp\/v2\/media?parent=347"}],"curies":[{"name":"wp","href":"https:\/\/api.w.org\/{rel}","templated":true}]}}