{"id":345,"date":"2021-05-19T08:53:41","date_gmt":"2021-05-19T06:53:41","guid":{"rendered":"https:\/\/miningtext.at\/?page_id=345"},"modified":"2022-03-30T10:32:53","modified_gmt":"2022-03-30T08:32:53","slug":"schwazer-berglehenbuch","status":"publish","type":"page","link":"https:\/\/miningtext.at\/en\/schwazer-berglehenbuch","title":{"rendered":"Schwazer Berglehenbuch"},"content":{"rendered":"<div data-colibri-id=\"345-c1\" class=\"style-814 style-local-345-c1 position-relative\">\n  <!---->\n  <div data-colibri-component=\"section\" data-colibri-id=\"345-c2\" id=\"custom\" class=\"h-section h-section-global-spacing d-flex align-items-lg-center align-items-md-center align-items-center style-815 style-local-345-c2 position-relative\">\n    <!---->\n    <!---->\n    <div class=\"h-section-grid-container h-section-boxed-container\">\n      <!---->\n      <div data-colibri-id=\"345-c3\" class=\"h-row-container gutters-row-lg-2 gutters-row-md-2 gutters-row-0 gutters-row-v-lg-2 gutters-row-v-md-2 gutters-row-v-2 style-816 style-local-345-c3 position-relative\">\n        <!---->\n        <div class=\"h-row justify-content-lg-center justify-content-md-center justify-content-center align-items-lg-stretch align-items-md-stretch align-items-stretch gutters-col-lg-2 gutters-col-md-2 gutters-col-0 gutters-col-v-lg-2 gutters-col-v-md-2 gutters-col-v-2\">\n          <!---->\n          <div class=\"h-column h-column-container d-flex h-col-lg-auto h-col-md-auto h-col-auto style-817-outer style-local-345-c4-outer\">\n            <div data-colibri-id=\"345-c4\" class=\"d-flex h-flex-basis h-column__inner h-px-lg-2 h-px-md-2 h-px-2 v-inner-lg-2 v-inner-md-2 v-inner-2 style-817 style-local-345-c4 position-relative\">\n              <!---->\n              <!---->\n              <div class=\"w-100 h-y-container h-column__content h-column__v-align flex-basis-100 align-self-lg-start align-self-md-start align-self-start\">\n                <!---->\n                <div data-colibri-id=\"345-c5\" class=\"h-x-container style-829 style-local-345-c5 position-relative h-element\">\n                  <!---->\n                  <div class=\"h-x-container-inner style-dynamic-345-c5-group style-829-spacing style-local-345-c5-spacing\"><span class=\"h-button__outer style-830-outer style-local-345-c6-outer d-inline-flex h-element\"><a h-use-smooth-scroll=\"true\" href=\"https:\/\/transkribus.eu\/r\/mining-hub\/#\/\"  data-colibri-id=\"345-c6\" class=\"d-flex w-100 align-items-center h-button justify-content-lg-center justify-content-md-center justify-content-center style-830 style-local-345-c6 position-relative\"><!----><!----> <span>Explore the \"Schwazer Berglehenbuch\"<\/span><\/a>\n                    <\/span>\n                  <\/div>\n                <\/div>\n                <div data-colibri-id=\"345-c7\" class=\"h-text h-text-component style-819 style-local-345-c7 position-relative h-element\">\n                  <!---->\n                  <!---->\n                  <div class=\"\">\n                    <p>The mining document \"Schwazer Berglehenbuch\" is stored by the Tyrolean Regional Archives (Innsbruck) and has the Identiefier Hs. 1587. The historical manuscript was partially transcribed and published by Wolfgang Tschan in 2009.<\/p>\n                    <p><span style=\"color: rgb(70, 112, 127); font-family: &quot;Open Sans&quot;; font-size: 16px; font-weight: 400;\">The manuscript is particularly valuable because it is one of the few surviving documents of the Schwaz Mining Office that did not fall victim to armed conflicts (1805, 1809 and World War II) and their destructive consequences (cf. Tschan 2009: 5).<\/span><\/p>\n                    <p>Tschan (2009: 5) notes in the preface to his book that the most recent entry in the manuscript is dated 18 May 1517. On the back of the book cover, however, there is a pasted-on slip of paper with the inscription \"Berglehenbuch 1515\". Because of this discrepancy, T.M.M.M.T. uses the date approx. 1515 for the manuscript.<\/p>\n                    <p>The document comprises 409 pages (115,005 words) and refers to the Gro\u00dfmontanrevier Falkenstein in Schwaz (Tyrol, Austria). A total of 1,953 entries were recorded, distributed over 1,451 mine loans and 502 associated legal decisions in the 15th and 16th centuries. The legal decisions are judgments of the Schwaz mining court and, as Tschan (2009: 5) explains, concern \"contractual and mining-authority-confirmed agreements of the trades, as well as so-called court and chamber judgements, i.e. legal decisions of the supreme Tyrolean mining authority\".&nbsp;<\/p>\n                    <p><span style=\"font-weight: 400; font-size: 16px; font-family: &quot;Open Sans&quot;; color: rgb(70, 112, 127);\">The economic development between 1441 and 1515 are illustrated on the site&nbsp;<\/span>\n                      <a href=\"https:\/\/miningtext.at\/en\/visualisation\/\" target=\"_blank\" style=\"font-weight: 400; font-size: 16px; font-family: &quot;Open Sans&quot;; color: rgb(0, 102, 204);\" rel=\"noopener\">Visualisation&nbsp;<\/a><span style=\"font-weight: 400; font-size: 16px; font-family: &quot;Open Sans&quot;; color: rgb(70, 112, 127);\">.<\/span><\/p>\n                    <p>Transcript on Zenodo:&nbsp;\n                      <a href=\"https:\/\/zenodo.org\/record\/6274928\/#.YkQU8ihBwdU\" target=\"_blank\" style=\"font-weight: 400; font-size: 16px; font-family: &quot;Open Sans&quot;; color: rgb(0, 102, 204);\" class=\"customize-unpreviewable\" rel=\"noopener\">Schwazer Berglehenbuch<\/a><span style=\"font-weight: 400; font-size: 16px; font-family: &quot;Open Sans&quot;; color: rgb(70, 112, 127);\">, approx. 1515 (Tiroler Landesarchiv, Hs. 1587), DOI:&nbsp;<\/span>\n                      <a href=\"https:\/\/zenodo.org\/record\/6274928\/#.YkQU8ihBwdU\"\n                        class=\"customize-unpreviewable\" style=\"font-weight: 400; font-size: 16px; font-family: &quot;Open Sans&quot;; color: rgb(0, 102, 204);\">10.5281\/zenodo.6274928<\/a>\n                    <\/p>\n                    <p>\n                      <br>\n                    <\/p>\n                  <\/div>\n                <\/div>\n              <\/div>\n            <\/div>\n          <\/div>\n          <div class=\"h-column h-column-container d-flex h-col-lg-auto h-col-md-auto h-col-auto style-818-outer style-local-345-c8-outer\">\n            <div data-colibri-id=\"345-c8\" class=\"d-flex h-flex-basis h-column__inner h-px-lg-2 h-px-md-2 h-px-2 v-inner-lg-2 v-inner-md-2 v-inner-2 style-818 style-local-345-c8 position-relative\">\n              <!---->\n              <!---->\n              <div class=\"w-100 h-y-container h-column__content h-column__v-align flex-basis-100 align-self-lg-start align-self-md-start align-self-start\">\n                <!---->\n                <div data-colibri-id=\"345-c9\" class=\"d-block style-826 style-local-345-c9 position-relative h-element\">\n                  <!---->\n                  <div class=\"h-image__frame-container-outer\">\n                    <div class=\"h-image__frame-container\">\n                      <!---->\n                      <!---->\n                      <img loading=\"lazy\" decoding=\"async\" width=\"1834\" height=\"2560\" src=\"http:\/\/miningtext.at\/wp-content\/uploads\/2021\/05\/cropped-3Handschrift-1587-1r-scaled-1.jpg\" class=\"wp-image-351 style-826-image style-local-345-c9-image\" alt=\"\" srcset=\"https:\/\/miningtext.at\/wp-content\/uploads\/2021\/05\/cropped-3Handschrift-1587-1r-scaled-1.jpg 1834w, https:\/\/miningtext.at\/wp-content\/uploads\/2021\/05\/cropped-3Handschrift-1587-1r-scaled-1-215x300.jpg 215w, https:\/\/miningtext.at\/wp-content\/uploads\/2021\/05\/cropped-3Handschrift-1587-1r-scaled-1-734x1024.jpg 734w, https:\/\/miningtext.at\/wp-content\/uploads\/2021\/05\/cropped-3Handschrift-1587-1r-scaled-1-768x1072.jpg 768w, https:\/\/miningtext.at\/wp-content\/uploads\/2021\/05\/cropped-3Handschrift-1587-1r-scaled-1-1100x1536.jpg 1100w, https:\/\/miningtext.at\/wp-content\/uploads\/2021\/05\/cropped-3Handschrift-1587-1r-scaled-1-1467x2048.jpg 1467w\" sizes=\"auto, (max-width: 1834px) 100vw, 1834px\" \/>\n                      <div class=\"h-image__frame h-hide-lg h-hide-md h-hide-sm style-826-frameImage style-local-345-c9-frameImage\"><\/div>\n                    <\/div>\n                  <\/div>\n                <\/div>\n                <div data-colibri-id=\"345-c10\" class=\"h-text h-text-component style-835 style-local-345-c10 position-relative h-element\">\n                  <!---->\n                  <!---->\n                  <div class=\"\">\n                    <p>(c) Tiroler Landesarchiv, Hs. 1587 pag. 1<\/p>\n                  <\/div>\n                <\/div>\n              <\/div>\n            <\/div>\n          <\/div>\n        <\/div>\n      <\/div>\n    <\/div>\n  <\/div>\n  <div data-colibri-component=\"section\" data-colibri-id=\"345-c11\" id=\"custom-2\" class=\"h-section h-section-global-spacing d-flex align-items-lg-center align-items-md-center align-items-center style-820 style-local-345-c11 position-relative\">\n    <!---->\n    <!---->\n    <div class=\"h-section-grid-container h-section-boxed-container\">\n      <!---->\n      <div data-colibri-id=\"345-c12\" class=\"h-row-container gutters-row-lg-2 gutters-row-md-2 gutters-row-0 gutters-row-v-lg-2 gutters-row-v-md-2 gutters-row-v-2 style-823 style-local-345-c12 position-relative\">\n        <!---->\n        <div class=\"h-row justify-content-lg-center justify-content-md-center justify-content-center align-items-lg-stretch align-items-md-stretch align-items-stretch gutters-col-lg-2 gutters-col-md-2 gutters-col-0 gutters-col-v-lg-2 gutters-col-v-md-2 gutters-col-v-2\">\n          <!---->\n          <div class=\"h-column h-column-container d-flex h-col-lg-auto h-col-md-auto h-col-auto style-824-outer style-local-345-c13-outer\">\n            <div data-colibri-id=\"345-c13\" class=\"d-flex h-flex-basis h-column__inner h-px-lg-2 h-px-md-2 h-px-2 v-inner-lg-2 v-inner-md-2 v-inner-2 style-824 style-local-345-c13 position-relative\">\n              <!---->\n              <!---->\n              <div class=\"w-100 h-y-container h-column__content h-column__v-align flex-basis-100 align-self-lg-start align-self-md-start align-self-start\">\n                <!---->\n                <div data-colibri-id=\"345-c14\" class=\"h-text h-text-component style-825 style-local-345-c14 position-relative h-element\">\n                  <!---->\n                  <!---->\n                  <div class=\"\">\n                    <p>References<\/p>\n                    <p>Brandst\u00e4tter, Klaus (2013b): Der Bergbau in Schwaz und die Brixlegger H\u00fctte. In: Montanwerke Brixlegg AG\/Oeggl, Klaus\/ Schaffer, Veronika (Hg.): Cuprum Tyrolense. 550 Jahre Bergbau und Kupferverh\u00fcttung in Tirol. Reith i. A., 233-240.<\/p>\n                    <p>Kathrein, Yvonne (2009): Bei- und Familiennamengeographie im 14. und 15. Jahrhundert in Tirol. Ein onomastischer Beitrag zur Beginnphase des Schwazer Bergbaus. In: Anreiter, Peter (Hg.): Miscellanea Onomastica (= Innsbrucker Beitr\u00e4ge zur Onomastik 7). Wien, 53-76.<\/p>\n                    <p>Neuhauser, Georg (2018): Die Schwazer Bergchronik (1420-1728) und der Tod als st\u00e4ndiger Begleiter des Bergmannes. In: Kasper, Michael\/Rollinger, Robert\/Rudigier, Andreas: Sterben in den Bergen. Realit\u00e4t \u2013 Inszenierung \u2013 Verarbeitung. Wien u.a., 101-116.<\/p>\n                    <p>Tschan, Wolfgang (2009): Das Schwazer Berglehenbuch von 1515 (Tiroler Landesarchiv, Codex 1587) mit linguistischen Erl\u00e4uterungen von Peter Anreiter. Wien Praesens.<\/p>\n                    <p>\n                      <br>\n                    <\/p>\n                  <\/div>\n                <\/div>\n              <\/div>\n            <\/div>\n          <\/div>\n        <\/div>\n      <\/div>\n    <\/div>\n  <\/div>\n<\/div>","protected":false},"excerpt":{"rendered":"<p>Entdecke das Schwazer Berglehenbuch Das &#8222;Schwazer Berglehenbuch&#8220; liegt mit der Signatur Hs. 1587 im Tiroler Landesarchiv und wurde 2009 von Wolfgang Tschan, teilweise transkribiert und in editierter Form ver\u00f6ffentlicht. Die Handschrift ist besonders wertvoll, weil es zu den wenigen erhaltenen Schriftst\u00fccken des Schwazer Bergamtes z\u00e4hlt, die nicht kriegerischen Auseinandersetzungen (1805, 1809 und Zweiter Weltkrieg) und [&hellip;]<\/p>","protected":false},"author":1,"featured_media":0,"parent":0,"menu_order":0,"comment_status":"closed","ping_status":"closed","template":"page-templates\/full-width-page.php","meta":{"footnotes":""},"class_list":["post-345","page","type-page","status-publish","hentry"],"_links":{"self":[{"href":"https:\/\/miningtext.at\/en\/wp-json\/wp\/v2\/pages\/345","targetHints":{"allow":["GET"]}}],"collection":[{"href":"https:\/\/miningtext.at\/en\/wp-json\/wp\/v2\/pages"}],"about":[{"href":"https:\/\/miningtext.at\/en\/wp-json\/wp\/v2\/types\/page"}],"author":[{"embeddable":true,"href":"https:\/\/miningtext.at\/en\/wp-json\/wp\/v2\/users\/1"}],"replies":[{"embeddable":true,"href":"https:\/\/miningtext.at\/en\/wp-json\/wp\/v2\/comments?post=345"}],"version-history":[{"count":11,"href":"https:\/\/miningtext.at\/en\/wp-json\/wp\/v2\/pages\/345\/revisions"}],"predecessor-version":[{"id":1217,"href":"https:\/\/miningtext.at\/en\/wp-json\/wp\/v2\/pages\/345\/revisions\/1217"}],"wp:attachment":[{"href":"https:\/\/miningtext.at\/en\/wp-json\/wp\/v2\/media?parent=345"}],"curies":[{"name":"wp","href":"https:\/\/api.w.org\/{rel}","templated":true}]}}