{"id":194,"date":"2021-05-14T08:24:57","date_gmt":"2021-05-14T06:24:57","guid":{"rendered":"https:\/\/miningtext.at\/?page_id=194"},"modified":"2022-01-20T11:27:27","modified_gmt":"2022-01-20T10:27:27","slug":"visualisation","status":"publish","type":"page","link":"https:\/\/miningtext.at\/en\/visualisation","title":{"rendered":"Visualisation"},"content":{"rendered":"<div data-colibri-id=\"194-c1\" class=\"style-898 style-local-194-c1 position-relative\">\n  <!---->\n  <div data-colibri-component=\"section\" data-colibri-id=\"194-c2\" id=\"custom\" class=\"h-section h-section-global-spacing d-flex align-items-lg-center align-items-md-center align-items-center style-899 style-local-194-c2 position-relative\">\n    <!---->\n    <!---->\n    <div class=\"h-section-grid-container h-section-boxed-container\">\n      <!---->\n      <div data-colibri-id=\"194-c3\" class=\"h-row-container gutters-row-lg-2 gutters-row-md-2 gutters-row-0 gutters-row-v-lg-2 gutters-row-v-md-2 gutters-row-v-2 style-1047 style-local-194-c3 position-relative\">\n        <!---->\n        <div class=\"h-row justify-content-lg-center justify-content-md-center justify-content-center align-items-lg-stretch align-items-md-stretch align-items-stretch gutters-col-lg-2 gutters-col-md-2 gutters-col-0 gutters-col-v-lg-2 gutters-col-v-md-2 gutters-col-v-2\">\n          <!---->\n          <div class=\"h-column h-column-container d-flex h-col-lg-auto h-col-md-auto h-col-auto style-1048-outer style-local-194-c4-outer\">\n            <div data-colibri-id=\"194-c4\" class=\"d-flex h-flex-basis h-column__inner h-px-lg-2 h-px-md-2 h-px-2 v-inner-lg-2 v-inner-md-2 v-inner-2 style-1048 style-local-194-c4 position-relative\">\n              <!---->\n              <!---->\n              <div class=\"w-100 h-y-container h-column__content h-column__v-align flex-basis-100 align-self-lg-start align-self-md-start align-self-start\">\n                <!---->\n                <div data-colibri-id=\"194-c5\" class=\"h-global-transition-all h-heading style-1049 style-local-194-c5 position-relative h-element\">\n                  <!---->\n                  <div class=\"h-heading__outer style-1049 style-local-194-c5\">\n                    <!---->\n                    <!---->\n                    <h3 class=\"\">Animated Maps<\/h3>\n                  <\/div>\n                <\/div>\n              <\/div>\n            <\/div>\n          <\/div>\n        <\/div>\n      <\/div>\n      <div data-colibri-id=\"194-c6\" class=\"h-row-container gutters-row-lg-2 gutters-row-md-2 gutters-row-0 gutters-row-v-lg-2 gutters-row-v-md-2 gutters-row-v-2 style-1034 style-local-194-c6 position-relative\">\n        <!---->\n        <div class=\"h-row justify-content-lg-center justify-content-md-center justify-content-center align-items-lg-stretch align-items-md-stretch align-items-stretch gutters-col-lg-2 gutters-col-md-2 gutters-col-0 gutters-col-v-lg-2 gutters-col-v-md-2 gutters-col-v-2\">\n          <!---->\n          <div class=\"h-column h-column-container d-flex h-col-lg-auto h-col-md-auto h-col-auto style-1035-outer style-local-194-c7-outer\">\n            <div data-colibri-id=\"194-c7\" class=\"d-flex h-flex-basis h-column__inner h-px-lg-2 h-px-md-2 h-px-2 v-inner-lg-2 v-inner-md-2 v-inner-2 style-1035 style-local-194-c7 position-relative\">\n              <!---->\n              <!---->\n              <div class=\"w-100 h-y-container h-column__content h-column__v-align flex-basis-100 align-self-lg-start align-self-md-start align-self-start\">\n                <!---->\n                <div data-colibri-id=\"194-c8\" class=\"h-text h-text-component style-902 style-local-194-c8 position-relative h-element\">\n                  <!---->\n                  <!---->\n                  <div class=\"\">\n                    <p>For the visualisation of the spatial and temporal distribution of mines and the granting of mining rights in the Gro\u00dfmontanrevier Falkenstein (Schwaz) and in the area Rattenberg-Brixlegg, geoinformation systems are used to create animated \/ thematic maps.<\/p>\n                    <p>Place and pit names found in the historical mining texts are localised and georeferenced as far as the current data situation allows. Georeferenced names can subsequently be accessed via the platform\n                      <a href=\"https:\/\/transkribus.eu\/r\/mining-hub\/#\" target=\"_blank\" class=\"customize-unpreviewable\" rel=\"noopener\">Mining Hub<\/a> .<\/p>\n                    <p>The following maps illustrate the developments in the mining areas, which could be extracted from the \"Verleihbuch der Rattenberger Bergrichter\" (Hs. 37) and the \"Schwazer Berglehenbuch\" (Hs. 1587).<\/p>\n                  <\/div>\n                <\/div>\n                <div data-colibri-id=\"194-c9\" class=\"h-global-transition-all h-heading style-1134 style-local-194-c9 position-relative h-element\">\n                  <!---->\n                  <div class=\"h-heading__outer style-1134 style-local-194-c9\">\n                    <!---->\n                    <!---->\n                    <h4 class=\"\">Verleihbuch der Rattenberger Bergrichter (Hs. 37)<\/h4>\n                  <\/div>\n                <\/div>\n                <div data-colibri-id=\"194-c10\" class=\"h-text h-text-component style-1135 style-local-194-c10 position-relative h-element\">\n                  <!---->\n                  <!---->\n                  <div class=\"\">\n                    <p>The first map depicts the places mentioned in Hs. 37 and could be georeferenced at the same time. The size of the dots is based on the number of awards given for that place. The colours indicate\n                      which right was granted: Mining rights (orange), logging in general (green), logging dedicated to smelting (blue) and Other grants (grey). The map illustrates the intensity of mining activities in the Alpbach Valley around the Silberberg to the\n                      Wildsch\u00f6nau.<\/p>\n                  <\/div>\n                <\/div>\n                <div data-colibri-id=\"194-c11\" class=\"d-block style-1110 style-local-194-c11 position-relative h-element\">\n                  <!---->\n                  <div class=\"h-image__frame-container-outer\">\n                    <div class=\"h-image__frame-container\">\n                      <!---->\n                      <!---->\n                      <img loading=\"lazy\" decoding=\"async\" width=\"1781\" height=\"1127\" src=\"http:\/\/miningtext.at\/wp-content\/uploads\/2022\/01\/cropped-1463_EN-1.png\" class=\"wp-image-1022 style-1110-image style-local-194-c11-image\" alt=\"\" srcset=\"https:\/\/miningtext.at\/wp-content\/uploads\/2022\/01\/cropped-1463_EN-1.png 1781w, https:\/\/miningtext.at\/wp-content\/uploads\/2022\/01\/cropped-1463_EN-1-300x190.png 300w, https:\/\/miningtext.at\/wp-content\/uploads\/2022\/01\/cropped-1463_EN-1-1024x648.png 1024w, https:\/\/miningtext.at\/wp-content\/uploads\/2022\/01\/cropped-1463_EN-1-768x486.png 768w, https:\/\/miningtext.at\/wp-content\/uploads\/2022\/01\/cropped-1463_EN-1-1536x972.png 1536w\" sizes=\"auto, (max-width: 1781px) 100vw, 1781px\" \/>\n                      <div class=\"h-image__frame h-hide-lg h-hide-md h-hide-sm style-1110-frameImage style-local-194-c11-frameImage\"><\/div>\n                    <\/div>\n                  <\/div>\n                <\/div>\n                <div data-colibri-id=\"194-c12\" class=\"h-text h-text-component style-1058 style-local-194-c12 position-relative h-element\">\n                  <!---->\n                  <!---->\n                  <div class=\"\">\n                    <p>Static map, grants of mines, logging in general, logging dedicated to smelting and other rights in Hs. 37\n                      <br>(c) TMMMT 2022, Brigit Danthine<\/p>\n                  <\/div>\n                <\/div>\n              <\/div>\n            <\/div>\n          <\/div>\n        <\/div>\n      <\/div>\n      <div data-colibri-id=\"194-c13\" class=\"h-row-container gutters-row-lg-2 gutters-row-md-2 gutters-row-0 gutters-row-v-lg-2 gutters-row-v-md-2 gutters-row-v-2 style-1128 style-local-194-c13 position-relative\">\n        <!---->\n        <div class=\"h-row justify-content-lg-center justify-content-md-center justify-content-center align-items-lg-stretch align-items-md-stretch align-items-stretch gutters-col-lg-2 gutters-col-md-2 gutters-col-0 gutters-col-v-lg-2 gutters-col-v-md-2 gutters-col-v-2\">\n          <!---->\n          <div class=\"h-column h-column-container d-flex h-col-lg-auto h-col-md-auto h-col-auto style-1129-outer style-local-194-c14-outer\">\n            <div data-colibri-id=\"194-c14\" class=\"d-flex h-flex-basis h-column__inner h-px-lg-2 h-px-md-2 h-px-2 v-inner-lg-2 v-inner-md-2 v-inner-2 style-1129 style-local-194-c14 position-relative\">\n              <!---->\n              <!---->\n              <div class=\"w-100 h-y-container h-column__content h-column__v-align flex-basis-100 align-self-lg-start align-self-md-start align-self-start\">\n                <!---->\n                <div data-colibri-id=\"194-c15\" class=\"h-text h-text-component style-1130 style-local-194-c15 position-relative h-element\">\n                  <!---->\n                  <!---->\n                  <div class=\"\">\n                    <p>The animated map illustrate the economic development in the mining areas listed in Hs. 37. While the numbers of grants in the years 1460 and 1461 are still relatively low, from 1462 onwards there is a real mining boom.&nbsp;<\/p>\n                  <\/div>\n                <\/div>\n                <div data-colibri-component=\"video\" data-colibri-id=\"194-c16\" class=\"d-block h-video d-block h-video style-1138 style-local-194-c16 position-relative h-element\">\n                  <!---->\n                  <!---->\n                  <div class=\"video-container position-relative\">\n                    <div class=\"h-global-transition-all ratio-inner\"><video class='h-video-main' controls><source src=\"http:\/\/miningtext.at\/wp-content\/uploads\/2022\/01\/Animation_HS37_5_EN.mp4\" type='video\/mp4' \/><\/video><\/div>\n                  <\/div>\n                <\/div>\n                <div data-colibri-id=\"194-c18\" class=\"h-text h-text-component style-1140 style-local-194-c18 position-relative h-element\">\n                  <!---->\n                  <!---->\n                  <div class=\"\">\n                    <p>Animated map: Development of mining activities in Hs. 37 between 1460 and 1463 (c) TMMMT 2021, Brigit Danthine<\/p>\n                  <\/div>\n                <\/div>\n              <\/div>\n            <\/div>\n          <\/div>\n        <\/div>\n      <\/div>\n      <div data-colibri-id=\"194-c19\" class=\"h-row-container gutters-row-lg-2 gutters-row-md-2 gutters-row-0 gutters-row-v-lg-2 gutters-row-v-md-2 gutters-row-v-2 style-1131 style-local-194-c19 position-relative\">\n        <!---->\n        <div class=\"h-row justify-content-lg-center justify-content-md-center justify-content-center align-items-lg-stretch align-items-md-stretch align-items-stretch gutters-col-lg-2 gutters-col-md-2 gutters-col-0 gutters-col-v-lg-2 gutters-col-v-md-2 gutters-col-v-2\">\n          <!---->\n          <div class=\"h-column h-column-container d-flex h-col-lg-auto h-col-md-auto h-col-auto style-1132-outer style-local-194-c20-outer\">\n            <div data-colibri-id=\"194-c20\" class=\"d-flex h-flex-basis h-column__inner h-px-lg-2 h-px-md-2 h-px-2 v-inner-lg-2 v-inner-md-2 v-inner-2 style-1132 style-local-194-c20 position-relative\">\n              <!---->\n              <!---->\n              <div class=\"w-100 h-y-container h-column__content h-column__v-align flex-basis-100 align-self-lg-start align-self-md-start align-self-start\">\n                <!---->\n                <div data-colibri-id=\"194-c21\" class=\"h-global-transition-all h-heading style-1136 style-local-194-c21 position-relative h-element\">\n                  <!---->\n                  <div class=\"h-heading__outer style-1136 style-local-194-c21\">\n                    <!---->\n                    <!---->\n                    <h4 class=\"\">Schwazer Berglehenbuch (Hs. 1587)<\/h4>\n                  <\/div>\n                <\/div>\n                <div data-colibri-id=\"194-c22\" class=\"h-text h-text-component style-1133 style-local-194-c22 position-relative h-element\">\n                  <!---->\n                  <!---->\n                  <div class=\"\">\n                    <p>The following illustrations refer to the information on the mines in the Gro\u00dfmontanrevier Falkenstein in the \"Schwazer Berglehenbuch\".<\/p>\n                    <p>The following figure depicts the year 1515 and thus the last year in Hs. 1587. The dots symbolise the mines that could be located, while the size of the dots is in proportion to the number of bestowals. The Sigmund F\u00fcrstenbau-Erbstollen (40), which is still known today, is even smaller at this time than, for example, the Silberm\u00fchl-Stollen (22), Kron-Stollen (15) and Christoph-Stollen (30).<\/p>\n                  <\/div>\n                <\/div>\n              <\/div>\n            <\/div>\n          <\/div>\n        <\/div>\n      <\/div>\n      <div data-colibri-id=\"194-c23\" class=\"h-row-container gutters-row-lg-2 gutters-row-md-2 gutters-row-0 gutters-row-v-lg-2 gutters-row-v-md-2 gutters-row-v-2 style-1111 style-local-194-c23 position-relative\">\n        <!---->\n        <div class=\"h-row justify-content-lg-center justify-content-md-center justify-content-center align-items-lg-stretch align-items-md-stretch align-items-stretch gutters-col-lg-2 gutters-col-md-2 gutters-col-0 gutters-col-v-lg-2 gutters-col-v-md-2 gutters-col-v-2\">\n          <!---->\n          <div class=\"h-column h-column-container d-flex h-col-lg-auto h-col-md-auto h-col-auto style-1112-outer style-local-194-c24-outer\">\n            <div data-colibri-id=\"194-c24\" class=\"d-flex h-flex-basis h-column__inner h-px-lg-2 h-px-md-2 h-px-2 v-inner-lg-2 v-inner-md-2 v-inner-2 style-1112 style-local-194-c24 position-relative\">\n              <!---->\n              <!---->\n              <div class=\"w-100 h-y-container h-column__content h-column__v-align flex-basis-100 align-self-lg-start align-self-md-start align-self-start\">\n                <!---->\n                <div data-colibri-id=\"194-c25\" class=\"d-block style-1113 style-local-194-c25 position-relative h-element\">\n                  <!---->\n                  <div class=\"h-image__frame-container-outer\">\n                    <div class=\"h-image__frame-container\">\n                      <!---->\n                      <!---->\n                      <img loading=\"lazy\" decoding=\"async\" width=\"1592\" height=\"1125\" src=\"http:\/\/miningtext.at\/wp-content\/uploads\/2022\/01\/cropped-1515-1.png\" class=\"wp-image-1046 style-1113-image style-local-194-c25-image\" alt=\"\" srcset=\"https:\/\/miningtext.at\/wp-content\/uploads\/2022\/01\/cropped-1515-1.png 1592w, https:\/\/miningtext.at\/wp-content\/uploads\/2022\/01\/cropped-1515-1-300x212.png 300w, https:\/\/miningtext.at\/wp-content\/uploads\/2022\/01\/cropped-1515-1-1024x724.png 1024w, https:\/\/miningtext.at\/wp-content\/uploads\/2022\/01\/cropped-1515-1-768x543.png 768w, https:\/\/miningtext.at\/wp-content\/uploads\/2022\/01\/cropped-1515-1-1536x1085.png 1536w\" sizes=\"auto, (max-width: 1592px) 100vw, 1592px\" \/>\n                      <div class=\"h-image__frame h-hide-lg h-hide-md h-hide-sm style-1113-frameImage style-local-194-c25-frameImage\"><\/div>\n                    <\/div>\n                  <\/div>\n                <\/div>\n                <div data-colibri-id=\"194-c26\" class=\"h-text h-text-component style-1074 style-local-194-c26 position-relative h-element\">\n                  <!---->\n                  <!---->\n                  <div class=\"\">\n                    <p>Static map of the historical development of the mines in Hs. 1587 (c) TMMMT 2022, Brigit Danthine<\/p>\n                  <\/div>\n                <\/div>\n                <div data-colibri-id=\"194-c27\" class=\"h-text h-text-component style-1137 style-local-194-c27 position-relative h-element\">\n                  <!---->\n                  <!---->\n                  <div class=\"\">\n                    <p>The following animation illustrates the development of the mines in the period between 1441 and 1515, which are mentioned and could be located in Hs. 1587. 5 to 10 year steps were chosen for the animation.\nThe analysis shows that in 1441 only one mining right was granted, namely for the Herrengrube. In the years up to 1460, the number of grants increases only moderately and remains moderate until 1463. A stronger increase in the number of grants can only be seen from 1470 onwards.<\/p>\n                  <\/div>\n                <\/div>\n                <div data-colibri-component=\"video\" data-colibri-id=\"194-c28\" class=\"d-block h-video d-block h-video style-1123 style-local-194-c28 position-relative h-element\">\n                  <!---->\n                  <!---->\n                  <div class=\"video-container position-relative\">\n                    <div class=\"h-global-transition-all ratio-inner\"><video class='h-video-main' controls><source src=\"http:\/\/miningtext.at\/wp-content\/uploads\/2022\/01\/Animation_Cod1587_1441-1515_5-10Jahre_EN_Youtube_1280.mp4\" type='video\/mp4' \/><\/video><\/div>\n                  <\/div>\n                <\/div>\n                <div data-colibri-id=\"194-c30\" class=\"h-text h-text-component style-1125 style-local-194-c30 position-relative h-element\">\n                  <!---->\n                  <!---->\n                  <div class=\"\">\n                    <p>Animated map showing the development of the mines in the mining area Falkenstein  in the period 1441-1515.\n                      <br>(c) TMMMT 2022, Brigit Danthine<\/p>\n                  <\/div>\n                <\/div>\n              <\/div>\n            <\/div>\n          <\/div>\n        <\/div>\n      <\/div>\n      <div data-colibri-id=\"194-c31\" class=\"h-row-container gutters-row-lg-2 gutters-row-md-2 gutters-row-0 gutters-row-v-lg-2 gutters-row-v-md-2 gutters-row-v-2 style-1082 style-local-194-c31 position-relative\">\n        <!---->\n        <div class=\"h-row justify-content-lg-center justify-content-md-center justify-content-center align-items-lg-stretch align-items-md-stretch align-items-stretch gutters-col-lg-2 gutters-col-md-2 gutters-col-0 gutters-col-v-lg-2 gutters-col-v-md-2 gutters-col-v-2\">\n          <!---->\n          <div class=\"h-column h-column-container d-flex h-col-lg-auto h-col-md-auto h-col-auto style-1083-outer style-local-194-c32-outer\">\n            <div data-colibri-id=\"194-c32\" class=\"d-flex h-flex-basis h-column__inner h-px-lg-2 h-px-md-2 h-px-2 v-inner-lg-2 v-inner-md-2 v-inner-2 style-1083 style-local-194-c32 position-relative\">\n              <!---->\n              <!---->\n              <div class=\"w-100 h-y-container h-column__content h-column__v-align flex-basis-100 align-self-lg-start align-self-md-start align-self-start\">\n                <!---->\n                <div data-colibri-id=\"194-c33\" class=\"h-text h-text-component style-1084 style-local-194-c33 position-relative h-element\">\n                  <!---->\n                  <!---->\n                  <div class=\"\">\n                    <p>In order to establish the relationships between the places of origin of individuals and the mining areas, ArcGIS Insight was used to create an\n                      <a href=\"https:\/\/insights.arcgis.com\/#\/view\/8ad6a04ce90d4c129f24e0a223e43496\" target=\"_blank\" class=\"customize-unpreviewable\" draggable=\"false\" rel=\"noopener\">interactive map<\/a> .<\/p>\n                    <p>\n                      <br>\n                    <\/p>\n                  <\/div>\n                <\/div>\n                <div data-colibri-id=\"194-c34\" class=\"h-x-container style-1085 style-local-194-c34 position-relative h-element\">\n                  <!---->\n                  <div class=\"h-x-container-inner style-dynamic-194-c34-group style-1085-spacing style-local-194-c34-spacing\"><span class=\"h-link__outer style-1086-outer style-local-194-c35-outer d-inline-flex h-element\"><a h-use-smooth-scroll=\"true\" href=\"https:\/\/insights.arcgis.com\/#\/view\/8ad6a04ce90d4c129f24e0a223e43496\"  data-colibri-id=\"194-c35\" class=\"d-flex w-100 align-items-center h-link style-1086 style-local-194-c35 position-relative\"><!----><!----> <span>ArcGIS Insight: TMMMT &#8211; Connections of provenance and place of mining claim<\/span><\/a>\n                    <\/span>\n                  <\/div>\n                <\/div>\n              <\/div>\n            <\/div>\n          <\/div>\n        <\/div>\n      <\/div>\n    <\/div>\n  <\/div>\n<\/div>","protected":false},"excerpt":{"rendered":"<p>Animierte Karten Zur Visualisierung der r\u00e4umlichen und zeitlichen Verteilung von Gruben und Verleihung von Grubenrechten im Gro\u00dfmontanrevier Falkenstein (Schwaz) und im Gro\u00dfraum Rattenberg-Brixlegg werden Geoinformationssysteme zur Erstellung von animierten \/ thematischen Karten eingesetzt. Orts- und Grubennamen, die in den historischen Bergbautexten, werden lokalisiert und georeferenziert, soweit es die aktuelle Datenlage erm\u00f6glicht. Georeferenzierte Namen k\u00f6nnen in [&hellip;]<\/p>","protected":false},"author":1,"featured_media":0,"parent":0,"menu_order":0,"comment_status":"closed","ping_status":"closed","template":"page-templates\/full-width-page.php","meta":{"footnotes":""},"class_list":["post-194","page","type-page","status-publish","hentry"],"_links":{"self":[{"href":"https:\/\/miningtext.at\/en\/wp-json\/wp\/v2\/pages\/194","targetHints":{"allow":["GET"]}}],"collection":[{"href":"https:\/\/miningtext.at\/en\/wp-json\/wp\/v2\/pages"}],"about":[{"href":"https:\/\/miningtext.at\/en\/wp-json\/wp\/v2\/types\/page"}],"author":[{"embeddable":true,"href":"https:\/\/miningtext.at\/en\/wp-json\/wp\/v2\/users\/1"}],"replies":[{"embeddable":true,"href":"https:\/\/miningtext.at\/en\/wp-json\/wp\/v2\/comments?post=194"}],"version-history":[{"count":20,"href":"https:\/\/miningtext.at\/en\/wp-json\/wp\/v2\/pages\/194\/revisions"}],"predecessor-version":[{"id":1126,"href":"https:\/\/miningtext.at\/en\/wp-json\/wp\/v2\/pages\/194\/revisions\/1126"}],"wp:attachment":[{"href":"https:\/\/miningtext.at\/en\/wp-json\/wp\/v2\/media?parent=194"}],"curies":[{"name":"wp","href":"https:\/\/api.w.org\/{rel}","templated":true}]}}